{"id":36452,"date":"2024-05-16T09:01:45","date_gmt":"2024-05-16T09:01:45","guid":{"rendered":"https:\/\/theme-dev.cmsmasters.net\/dentalist\/?page_id=27"},"modified":"2026-03-24T14:47:45","modified_gmt":"2026-03-24T14:47:45","slug":"contact-us","status":"publish","type":"page","link":"https:\/\/metroplus.com.tr\/tr\/contact-us\/","title":{"rendered":"\u0130leti\u015fim"},"content":{"rendered":"<div data-elementor-type=\"wp-page\" data-elementor-id=\"36452\" class=\"elementor elementor-36452\">\n\t\t\t\t<div class=\"elementor-element elementor-element-1e9d3be e-flex e-con-boxed cmsmasters-bg-hide-none cmsmasters-bg-hide-none cmsmasters-block-default e-con e-parent\" data-id=\"1e9d3be\" data-element_type=\"container\" data-e-type=\"container\" data-settings=\"{&quot;background_background&quot;:&quot;classic&quot;}\">\n\t\t\t\t\t<div class=\"e-con-inner\">\n\t\t<div class=\"elementor-element elementor-element-9513723 e-flex e-con-boxed cmsmasters-block-default e-con e-child\" data-id=\"9513723\" data-element_type=\"container\" data-e-type=\"container\">\n\t\t\t\t\t<div class=\"e-con-inner\">\n\t\t\t\t<div class=\"elementor-element elementor-element-bbf615d cmsmasters-block-default cmsmasters-sticky-default elementor-widget elementor-widget-heading\" data-id=\"bbf615d\" data-element_type=\"widget\" data-e-type=\"widget\" data-widget_type=\"heading.default\">\n\t\t\t\t\t<h6 class=\"elementor-heading-title elementor-size-default\">\u0130leti\u015fim<\/h6>\t\t\t\t<\/div>\n\t\t\t\t<div class=\"elementor-element elementor-element-0074a0e cmsmasters-block-default cmsmasters-sticky-default elementor-widget elementor-widget-heading\" data-id=\"0074a0e\" data-element_type=\"widget\" data-e-type=\"widget\" data-widget_type=\"heading.default\">\n\t\t\t\t\t<h1 class=\"elementor-heading-title elementor-size-default\">Metro A\u011f\u0131z ve Di\u015f Sa\u011fl\u0131\u011f\u0131 Klini\u011fi ile \u0130leti\u015fime Ge\u00e7in<\/h1>\t\t\t\t<\/div>\n\t\t<div class=\"elementor-element elementor-element-6a054ca e-con-full e-flex cmsmasters-block-default e-con e-child\" data-id=\"6a054ca\" data-element_type=\"container\" data-e-type=\"container\">\n\t\t\t\t<div class=\"elementor-element elementor-element-bc50746 cmsmasters-icon-arrangement-together cmsmasters-block-default cmsmasters-sticky-default elementor-widget elementor-widget-cmsmasters-button\" data-id=\"bc50746\" data-element_type=\"widget\" data-e-type=\"widget\" data-widget_type=\"cmsmasters-button.default\">\n\t\t\t\t\t<div class=\"elementor-widget-cmsmasters-button__button-container\"><div class=\"elementor-widget-cmsmasters-button__button-container-inner\"><a href=\"tel:+902162085434\" class=\"cmsmasters-button-link elementor-widget-cmsmasters-button__button cmsmasters-icon-view-framed cmsmasters-icon-shape-circle cmsmasters-button-size-sm\" role=\"button\" tabindex=\"0\"><span class=\"elementor-widget-cmsmasters-button__content-wrapper cmsmasters-align-icon-left\"><span class=\"elementor-widget-cmsmasters-button__icon\"><i aria-hidden=\"true\" class=\"cmsdemo-icon- cms-demo-icon-phone\"><\/i><\/span><span class=\"elementor-widget-cmsmasters-button__text\">Telefon:  +90 216 208 54 34 pbx<\/span><\/span><\/a><\/div><\/div>\t\t\t\t<\/div>\n\t\t\t\t<\/div>\n\t\t\t\t\t<\/div>\n\t\t\t\t<\/div>\n\t\t\t\t\t<\/div>\n\t\t\t\t<\/div>\n\t\t<div class=\"elementor-element elementor-element-7c482df e-flex e-con-boxed cmsmasters-block-default e-con e-parent\" data-id=\"7c482df\" data-element_type=\"container\" data-e-type=\"container\">\n\t\t\t\t\t<div class=\"e-con-inner\">\n\t\t<div class=\"elementor-element elementor-element-e3ab44d e-con-full e-flex cmsmasters-block-default e-con e-child\" data-id=\"e3ab44d\" data-element_type=\"container\" data-e-type=\"container\">\n\t\t\t\t<div class=\"elementor-element elementor-element-ce6774a elementor-widget__width-initial cmsmasters-block-default cmsmasters-sticky-default elementor-widget elementor-widget-heading\" data-id=\"ce6774a\" data-element_type=\"widget\" data-e-type=\"widget\" data-widget_type=\"heading.default\">\n\t\t\t\t\t<h2 class=\"elementor-heading-title elementor-size-default\">\u0130leti\u015fim Bilgileri<\/h2>\t\t\t\t<\/div>\n\t\t\t\t<div class=\"elementor-element elementor-element-7dbf9ca cmsmasters-block-default cmsmasters-sticky-default elementor-widget elementor-widget-heading\" data-id=\"7dbf9ca\" data-element_type=\"widget\" data-e-type=\"widget\" data-widget_type=\"heading.default\">\n\t\t\t\t\t<p class=\"elementor-heading-title elementor-size-default\">Metro A\u011f\u0131z ve Di\u015f Sa\u011fl\u0131\u011f\u0131 Klini\u011fi ile randevu, tedavi hakk\u0131nda bilgi almak veya genel sorular\u0131n\u0131z i\u00e7in ileti\u015fime ge\u00e7ebilirsiniz. Ekibimiz size yard\u0131mc\u0131 olmaktan memnuniyet duyar.<\/p>\t\t\t\t<\/div>\n\t\t<div class=\"elementor-element elementor-element-b838961 e-con-full e-flex cmsmasters-block-default e-con e-child\" data-id=\"b838961\" data-element_type=\"container\" data-e-type=\"container\">\n\t\t<div class=\"elementor-element elementor-element-282471d e-con-full e-flex cmsmasters-block-default e-con e-child\" data-id=\"282471d\" data-element_type=\"container\" data-e-type=\"container\">\n\t\t\t\t<div class=\"elementor-element elementor-element-41b5eda cmsmasters-block-default cmsmasters-sticky-default elementor-widget elementor-widget-heading\" data-id=\"41b5eda\" data-element_type=\"widget\" data-e-type=\"widget\" data-widget_type=\"heading.default\">\n\t\t\t\t\t<div class=\"elementor-heading-title elementor-size-default\">Adres:<\/div>\t\t\t\t<\/div>\n\t\t\t\t<div class=\"elementor-element elementor-element-036966d cmsmasters-block-default cmsmasters-sticky-default elementor-widget elementor-widget-text-editor\" data-id=\"036966d\" data-element_type=\"widget\" data-e-type=\"widget\" data-widget_type=\"text-editor.default\">\n\t\t\t\t\t\t\t\t\t<p><a href=\"https:\/\/www.google.com\/maps\/place\/Ye%C5%9Filba%C4%9Flar,+Kaptan+Sk.+No:17+D:1+5,+34893+Pendik%2F%C4%B0stanbul\/@40.8946197,29.2275933,17z\/data=!3m1!4b1!4m5!3m4!1s0x14cac4ac3f3d7dff:0xc224569ce7cd0e83!8m2!3d40.8946197!4d29.2275933?entry=ttu&amp;g_ep=EgoyMDI2MDEwNy4wIKXMDSoASAFQAw%3D%3D\" target=\"_blank\" rel=\"noopener noreferrer\">Ye\u015filba\u011flar Mahallesi, Kaptan Sokak No: 17\/1, Daire 5<br \/>34893 Pendik \/ \u0130stanbul \/ TR<br \/><\/a><\/p>\t\t\t\t\t\t\t\t<\/div>\n\t\t\t\t<\/div>\n\t\t<div class=\"elementor-element elementor-element-29770cd e-con-full e-flex cmsmasters-block-default e-con e-child\" data-id=\"29770cd\" data-element_type=\"container\" data-e-type=\"container\">\n\t\t\t\t<div class=\"elementor-element elementor-element-c108f7d cmsmasters-block-default cmsmasters-sticky-default elementor-widget elementor-widget-heading\" data-id=\"c108f7d\" data-element_type=\"widget\" data-e-type=\"widget\" data-widget_type=\"heading.default\">\n\t\t\t\t\t<div class=\"elementor-heading-title elementor-size-default\">\u0130leti\u015fim:<\/div>\t\t\t\t<\/div>\n\t\t\t\t<div class=\"elementor-element elementor-element-c2d73c5 cmsmasters-block-default cmsmasters-sticky-default elementor-widget elementor-widget-text-editor\" data-id=\"c2d73c5\" data-element_type=\"widget\" data-e-type=\"widget\" data-widget_type=\"text-editor.default\">\n\t\t\t\t\t\t\t\t\t<p><a href=\"tel:+902162085434\">+90 216 208 54 34 pbx<\/a><br \/><a href=\"mailto:info@metroplus.com.tr\">info@metroplus.com.tr<\/a><\/p>\t\t\t\t\t\t\t\t<\/div>\n\t\t\t\t<\/div>\n\t\t\t\t<\/div>\n\t\t\t\t<\/div>\n\t\t<div class=\"elementor-element elementor-element-a82dc15 e-con-full e-flex cmsmasters-block-default e-con e-child\" data-id=\"a82dc15\" data-element_type=\"container\" data-e-type=\"container\">\n\t\t\t\t<div class=\"elementor-element elementor-element-9aa0f31 cmsmasters-block-default cmsmasters-sticky-default elementor-widget elementor-widget-google_maps\" data-id=\"9aa0f31\" data-element_type=\"widget\" data-e-type=\"widget\" data-widget_type=\"google_maps.default\">\n\t\t\t\t\t\t\t<div class=\"elementor-custom-embed\">\n\t\t\t<iframe loading=\"lazy\"\n\t\t\t\t\tsrc=\"https:\/\/maps.google.com\/maps?q=Ye%C5%9Filba%C4%9Flar%2C%20Kaptan%20Sk.%20No%3A17%2F1%20D%3A5%2034893%20Pendik%2F%C4%B0stanbul&#038;t=m&#038;z=15&#038;output=embed&#038;iwloc=near\"\n\t\t\t\t\ttitle=\"Ye\u015filba\u011flar, Kaptan Sk. No:17\/1 D:5 34893 Pendik\/\u0130stanbul\"\n\t\t\t\t\taria-label=\"Ye\u015filba\u011flar, Kaptan Sk. No:17\/1 D:5 34893 Pendik\/\u0130stanbul\"\n\t\t\t><\/iframe>\n\t\t<\/div>\n\t\t\t\t\t\t<\/div>\n\t\t\t\t<\/div>\n\t\t\t\t\t<\/div>\n\t\t\t\t<\/div>\n\t\t<div class=\"elementor-element elementor-element-c2e80ea e-flex e-con-boxed cmsmasters-block-default e-con e-parent\" data-id=\"c2e80ea\" data-element_type=\"container\" data-e-type=\"container\">\n\t\t\t\t\t<div class=\"e-con-inner\">\n\t\t<div class=\"elementor-element elementor-element-ce919db e-con-full e-flex cmsmasters-block-default e-con e-child\" data-id=\"ce919db\" data-element_type=\"container\" data-e-type=\"container\">\n\t\t\t\t<div class=\"elementor-element elementor-element-95192f3 cmsmasters-block-default cmsmasters-sticky-default elementor-widget elementor-widget-image\" data-id=\"95192f3\" data-element_type=\"widget\" data-e-type=\"widget\" data-widget_type=\"image.default\">\n\t\t\t\t\t\t\t\t\t\t\t\t\t\t\t<img fetchpriority=\"high\" decoding=\"async\" width=\"615\" height=\"729\" src=\"https:\/\/metroplus.com.tr\/wp-content\/uploads\/2026\/03\/contact-image-03.webp\" class=\"attachment-full size-full wp-image-38123\" alt=\"\" srcset=\"https:\/\/metroplus.com.tr\/wp-content\/uploads\/2026\/03\/contact-image-03.webp 615w, https:\/\/metroplus.com.tr\/wp-content\/uploads\/2026\/03\/contact-image-03-253x300.webp 253w, https:\/\/metroplus.com.tr\/wp-content\/uploads\/2026\/03\/contact-image-03-10x12.webp 10w\" sizes=\"(max-width: 615px) 100vw, 615px\" \/>\t\t\t\t\t\t\t\t\t\t\t\t\t\t\t<\/div>\n\t\t\t\t<\/div>\n\t\t<div class=\"elementor-element elementor-element-67a7d67 e-con-full e-flex cmsmasters-block-default e-con e-child\" data-id=\"67a7d67\" data-element_type=\"container\" data-e-type=\"container\">\n\t\t\t\t<div class=\"elementor-element elementor-element-8b960af cmsmasters-block-default cmsmasters-sticky-default elementor-widget elementor-widget-heading\" data-id=\"8b960af\" data-element_type=\"widget\" data-e-type=\"widget\" data-widget_type=\"heading.default\">\n\t\t\t\t\t<h2 class=\"elementor-heading-title elementor-size-default\">\u0130leti\u015fim Formu<\/h2>\t\t\t\t<\/div>\n\t\t\t\t<div class=\"elementor-element elementor-element-ed32c40 cmsmasters-block-default cmsmasters-sticky-default elementor-widget elementor-widget-text-editor\" data-id=\"ed32c40\" data-element_type=\"widget\" data-e-type=\"widget\" data-widget_type=\"text-editor.default\">\n\t\t\t\t\t\t\t\t\t<p>A\u015fa\u011f\u0131daki formu doldurun, ekibimiz en k\u0131sa s\u00fcrede sizinle ileti\u015fime ge\u00e7sin.<\/p>\t\t\t\t\t\t\t\t<\/div>\n\t\t\t\t<div class=\"elementor-element elementor-element-e0afa70 cmsmasters-block-default cmsmasters-sticky-default elementor-widget elementor-widget-cmsmasters-forminator\" data-id=\"e0afa70\" data-element_type=\"widget\" data-e-type=\"widget\" data-settings=\"{&quot;form_list&quot;:&quot;52&quot;}\" data-widget_type=\"cmsmasters-forminator.default\">\n\t\t\t\t\t<div class=\"elementor-widget-cmsmasters-contact-form__wrapper elementor-widget-cmsmasters-contact-form cmsmasters-default-color cmsmasters-default-font\" id=\"cmsmasters-widget-form-e0afa70\">\r\n\t\t\t<div class=\"elementor-widget-cmsmasters-contact-form__inner\"><div class=\"forminator-ui forminator-custom-form forminator-custom-form-52 forminator-design--default forminator-custom forminator_ajax\" data-forminator-render=\"0\" data-form=\"forminator-module-52\" data-uid=\"69dda8c84f1f1\"><br\/><\/div><form\n\t\t\t\tid=\"forminator-module-52\"\n\t\t\t\tclass=\"forminator-ui forminator-custom-form forminator-custom-form-52 forminator-design--default forminator-custom forminator_ajax\"\n\t\t\t\tmethod=\"post\"\n\t\t\t\tdata-forminator-render=\"0\"\n\t\t\t\tdata-form-id=\"52\"\n\t\t\t\t data-color-option=\"default\" data-design=\"default\" data-grid=\"custom\" style=\"display: none;\"\n\t\t\t\tdata-uid=\"69dda8c84f1f1\" action=\"\"\n\t\t\t><div role=\"alert\" aria-live=\"polite\" class=\"forminator-response-message forminator-error\" aria-hidden=\"true\"><\/div><div class=\"forminator-row\"><div id=\"name-1\" class=\"forminator-field-name forminator-col forminator-col-6\"><div class=\"forminator-field\"><label for=\"forminator-field-name-1_69dda8c84f1f1\" id=\"forminator-field-name-1_69dda8c84f1f1-label\" class=\"forminator-label\">Ad Soyad <span class=\"forminator-required\">*<\/span><\/label><input type=\"text\" name=\"name-1\" value=\"\" placeholder=\"Ad Soyad\" id=\"forminator-field-name-1_69dda8c84f1f1\" class=\"forminator-input forminator-name--field\" aria-required=\"true\" autocomplete=\"name\" \/><\/div><\/div><div id=\"phone-1\" class=\"forminator-field-phone forminator-col forminator-col-6\"><div class=\"forminator-field\"><label for=\"forminator-field-phone-1_69dda8c84f1f1\" id=\"forminator-field-phone-1_69dda8c84f1f1-label\" class=\"forminator-label\">Telefon <span class=\"forminator-required\">*<\/span><\/label><input type=\"text\" name=\"phone-1\" value=\"\" placeholder=\"Telefon Numaran\u0131z\" id=\"forminator-field-phone-1_69dda8c84f1f1\" class=\"forminator-input forminator-field--phone\" data-required=\"1\" aria-required=\"true\" autocomplete=\"off\" \/><\/div><\/div><\/div><div class=\"forminator-row\"><div id=\"textarea-1\" class=\"forminator-field-textarea forminator-col forminator-col-12\"><div class=\"forminator-field\"><label for=\"forminator-field-textarea-1_69dda8c84f1f1\" id=\"forminator-field-textarea-1_69dda8c84f1f1-label\" class=\"forminator-label\">Mesaj\u0131n\u0131z <span class=\"forminator-required\">*<\/span><\/label><textarea name=\"textarea-1\" placeholder=\"L\u00fctfen talebinizi k\u0131saca a\u00e7\u0131klay\u0131n\" id=\"forminator-field-textarea-1_69dda8c84f1f1\" class=\"forminator-textarea\" rows=\"6\" style=\"min-height:140px;\" ><\/textarea><\/div><\/div><\/div><input type=\"hidden\" name=\"referer_url\" value=\"\" \/><div class=\"forminator-row forminator-row-last\"><div class=\"forminator-col\"><div class=\"forminator-field\"><button class=\"forminator-button forminator-button-submit\">G\u00f6nder<\/button><\/div><\/div><\/div><input type=\"hidden\" id=\"forminator_nonce\" name=\"forminator_nonce\" value=\"06ed8ef152\" \/><input type=\"hidden\" name=\"_wp_http_referer\" value=\"\/tr\/wp-json\/wp\/v2\/pages\/36452\" \/><input type=\"hidden\" name=\"form_id\" value=\"52\"><input type=\"hidden\" name=\"page_id\" value=\"36452\"><input type=\"hidden\" name=\"form_type\" value=\"default\"><input type=\"hidden\" name=\"current_url\" value=\"https:\/\/metroplus.com.tr\/tr\/contact-us\/\"><input type=\"hidden\" name=\"render_id\" value=\"0\"><input type=\"hidden\" name=\"action\" value=\"forminator_submit_form_custom-forms\"><input type=\"hidden\" name=\"trp-form-language\" value=\"tr\"\/><\/form><\/div>\r\n\t\t<\/div>\t\t\t\t<\/div>\n\t\t\t\t<\/div>\n\t\t\t\t\t<\/div>\n\t\t\t\t<\/div>\n\t\t\t\t<\/div>","protected":false},"excerpt":{"rendered":"<p>Contact Us Get in Touch with Metro Oral &amp; Dental Health Clinic Call: +90 216 208 54 34 pbx Contact Information Get in touch with Metro Oral &amp; Dental Health Clinic for appointments, treatment information, or general inquiries. Our team is here to assist you. Address: Ye\u015filba\u011flar Neighborhood, Kaptan Street No: 17\/1, Apartment 534893 Pendik&#8230;<\/p>","protected":false},"author":1,"featured_media":0,"parent":0,"menu_order":0,"comment_status":"closed","ping_status":"closed","template":"","meta":{"_acf_changed":false,"footnotes":""},"class_list":["post-36452","page","type-page","status-publish","hentry"],"acf":[],"_hostinger_reach_plugin_has_subscription_block":false,"_hostinger_reach_plugin_is_elementor":false,"_links":{"self":[{"href":"https:\/\/metroplus.com.tr\/tr\/wp-json\/wp\/v2\/pages\/36452","targetHints":{"allow":["GET"]}}],"collection":[{"href":"https:\/\/metroplus.com.tr\/tr\/wp-json\/wp\/v2\/pages"}],"about":[{"href":"https:\/\/metroplus.com.tr\/tr\/wp-json\/wp\/v2\/types\/page"}],"author":[{"embeddable":true,"href":"https:\/\/metroplus.com.tr\/tr\/wp-json\/wp\/v2\/users\/1"}],"replies":[{"embeddable":true,"href":"https:\/\/metroplus.com.tr\/tr\/wp-json\/wp\/v2\/comments?post=36452"}],"version-history":[{"count":81,"href":"https:\/\/metroplus.com.tr\/tr\/wp-json\/wp\/v2\/pages\/36452\/revisions"}],"predecessor-version":[{"id":38126,"href":"https:\/\/metroplus.com.tr\/tr\/wp-json\/wp\/v2\/pages\/36452\/revisions\/38126"}],"wp:attachment":[{"href":"https:\/\/metroplus.com.tr\/tr\/wp-json\/wp\/v2\/media?parent=36452"}],"curies":[{"name":"wp","href":"https:\/\/api.w.org\/{rel}","templated":true}]}}